{"id":536,"date":"2019-06-19T16:24:51","date_gmt":"2019-06-19T16:24:51","guid":{"rendered":"http:\/\/192.168.0.110:8080\/ColStaMaria\/?page_id=536"},"modified":"2019-06-19T16:24:53","modified_gmt":"2019-06-19T16:24:53","slug":"nuestro-colegio","status":"publish","type":"page","link":"https:\/\/colstamaria.cl\/estrella777.colstamaria.cl\/nuestro-colegio\/","title":{"rendered":"Nuestro colegio"},"content":{"rendered":"<p><strong>RESE\u00d1A HIST\u00d3RICA COLEGIO SANTA MAR\u00cdA.<\/strong><\/p>\n<p>En 1987 con el objeto de prestar un servicio a los ni\u00f1os y ni\u00f1as de la poblaci\u00f3n Cayenel basado en una formaci\u00f3n cristiana cat\u00f3lica, nace un comedor abierto llamado \u201cJuan Pablo II y el Parvulario Flor de ulmo\u201d ambos por iniciativa del padre Jos\u00e9 Fern\u00e1ndez P\u00e9rez creador de varias obras sociales en puerto Montt, entre ellas la poblaci\u00f3n techo para todos, centro de salud familiar entre otros.<\/p>\n<p>Con fecha 19 de Abril de 1989, a trav\u00e9s de la resoluci\u00f3n N\u00b0515 de la Secretaria Ministerial de Educaci\u00f3n de la Regi\u00f3n de los Lagos, se reconoce y autoriza el funcionamiento del colegio Santa Mar\u00eda con el nombre de \u201cAnexo de la Escuela Particular N\u00b0 195 Cristo Salvador\u201d de la congregaci\u00f3n salesiana. Su primera directora fue la madre Mar\u00eda Isabel Marquina Parella de la congregaci\u00f3n del sagrado coraz\u00f3n de Jes\u00fas. Gracias al esfuerzo y dedicaci\u00f3n de los profesores de ese entonces, en 1994 se crea la primera biblioteca.<\/p>\n<p>En 1995, se construyen las salas de sexto y s\u00e9ptimo a\u00f1o b\u00e1sico.<\/p>\n<p>Para 1996, se da inicio al Grupo de Educaci\u00f3n Diferencial, para atender las diversas necesidades acad\u00e9micas de los estudiantes. Ese mismo a\u00f1o el colegio es incorporado a la UNESCO. Posteriormente la administraci\u00f3n del colegio es cedida a la comunidad de Hermanos y Hermanas del Oratorio Mariano, quienes nos traen la bendici\u00f3n de la Madre Sant\u00edsima.<\/p>\n<p>El 09 de marzo de 1998, por medio de la Resoluci\u00f3n Exenta N\u00b0 439, adquiere su actual identidad, tomando el nombre de <strong>\u201cCOLEGIO SANTA MAR\u00cdA\u201d<\/strong>.  El mismo a\u00f1o es favorecido con el Proyecto Enlaces lo que permiti\u00f3 tener acceso a los diversos recursos inform\u00e1ticos; el establecimiento se incorpora al Programa de las 900 Escuelas, P900 implementando bibliotecas de aulas y recursos para el aprendizaje.<\/p>\n<p>El a\u00f1o 1999, se ejecut\u00f3 el Proyecto de Mejoramiento Educativo que gener\u00f3 satisfacciones como: muestras folcl\u00f3ricas, invitaci\u00f3n a Ecuador a participar en el taller sub regional sobre patrimonio cultural y el reconocimiento del Ministerio de Educaci\u00f3n como un colegio exitoso en la realizaci\u00f3n de un PME.<\/p>\n<p>Para el a\u00f1o 2000, el establecimiento educacional ingresa a la Red Comunal de Infancia y Adolescencia\u201d perteneciente a la Ilustre Municipalidad de Puerto Montt para este mismo a\u00f1o se adjudica el Proyecto Deportivo \u201cSanta Mar\u00eda\u201d y el a\u00f1o 2001 se incorpora al Proyecto de Promoci\u00f3n de Salud del Centro Familiar, Techo para Todos.<\/p>\n<p>Con fecha 18 de julio del 2001, el Colegio Santa Mar\u00eda es invitado por la Multitienda Falabella para convertirse en uno de los establecimientos a nivel nacional que recibir\u00eda apadrinamiento, formando parte del Programa haciendo escuela.<\/p>\n<p>El a\u00f1o 2002 el Colegio Santa Mar\u00eda se incorpora a la FIDE (Federaci\u00f3n de instituci\u00f3n de Educaci\u00f3n Particular), y es reconocido como establecimiento saludable libre de humo del tabaco por Vida Chile. Este mismo a\u00f1o se implementa el nivel pre k\u00ednder y se construye una nueva sala de clases.<\/p>\n<p>El 09 de Agosto de 2004, recibe la visita del Padre Sergio Mena Gonz\u00e1lez fundador del Oratorio Mariano. El a\u00f1o 2005 asume como p\u00e1rroco y capell\u00e1n del colegio el padre Transito Salvador P\u00e9rez Concha.<\/p>\n<p>La fundaci\u00f3n Educacional Barnechea, capacita a docentes y bibliotecaria, en el proyecto lector, que, a contar de marzo del a\u00f1o 2005, se instala en el colegio, con una importante donaci\u00f3n de libros y material adjunto. Ese mismo a\u00f1o el Colegio Santa Mar\u00eda se adjudica el proyecto CRA del ministerio de educaci\u00f3n lo que permiti\u00f3 transformar la biblioteca existente en un centro de recursos audiovisuales.<\/p>\n<p>Por otro lado, se da inicio a las obras de remodelaci\u00f3n y construcci\u00f3n del edifico del colegio para implementar la JEC (JORNADA ESCOLAR COMPLETA).<\/p>\n<p>En Agosto de 2006 es entregado el nuevo colegio y el 08 de Septiembre las nuevas instalaciones son bendecidas por monse\u00f1or Cristian Caro Cordero.<\/p>\n<p>En a\u00f1o 2007 el Colegio Santa Mar\u00eda es favorecido con el proyecto de ley de donaciones, lo que permiti\u00f3 aumentar la cantidad de libros para el Centro de Recursos Audiovisuales (CRA)<\/p>\n<p>A partir del a\u00f1o 2010, cambia la tendencia de los resultados acad\u00e9micos medidos por la prueba Simce, demostrando tendencia al alza constante, siendo reconocido por el Ministerio de Educaci\u00f3n. A partir del a\u00f1o 2012, con el premio Excelencia Acad\u00e9mica, adem\u00e1s consigue la m\u00e1s alta estratificaci\u00f3n, Nivel Alto. Prueba de ello, en los dos \u00faltimos a\u00f1os, destacan las asignaturas: matem\u00e1ticas en octavo a\u00f1o b\u00e1sico con 319 puntos, Ciencias Naturales con 306 puntos y Lengua Castellana con 297 puntos obteniendo en esta \u00faltima el m\u00e1s alto puntaje dentro de las comunas de Puerto Montt. El a\u00f1o 2016 el sexto a\u00f1o b\u00e1sico en Matem\u00e1ticas obtiene 300 puntos, y en la misma asignatura cuarto b\u00e1sico con 298 puntos.<\/p>\n<p>Para el Colegio Santa Mar\u00eda el derecho a una educaci\u00f3n de calidad e igualdad constituye un deber por lo cual se promueve como <strong>MISI\u00d3N:<\/strong><\/p>\n<p>\u201cImpartir educaci\u00f3n de calidad, en un clima escolar de sana convivencia y altas expectativas, de acuerdo a est\u00e1ndares vigentes establecidos por el Ministerio de Educaci\u00f3n y basado en valores y principios de la fe cat\u00f3lica, desde la espiritualidad del Oratorio Mariano\u201d.<\/p>\n<p><strong>SELLOS INSTITUCIONALES<\/strong><\/p>\n<p><strong>Calidad Acad\u00e9mica: <\/strong>Se entender\u00e1 por el \u00f3ptimo desarrollo de habilidades, potencialidades, capacidades, destrezas de las alumnas y alumnos, presentes en las Bases Curriculares y Planes y Programas de Estudios, validados por los resultados de las pruebas SIMCE, promedios de asignaturas e indicadores de repitencia, retenci\u00f3n y continuidad de estudios medios.<\/p>\n<p><strong>Clima de Sana Convivencia:<\/strong> Se entender\u00e1 como la interrelaci\u00f3n entre los diversos actores que pertenecen al Colegio Santa Mar\u00eda, en un ambiente arm\u00f3nico, de respeto, responsabilidad y colaboraci\u00f3n, que permita el desarrollo humano, sin menoscabo, desprecio, burlas, agresi\u00f3n, descalificaciones, entre personas o entidades.<\/p>\n<p><strong>Valores y Principios de la Fe Cat\u00f3lica, Espiritualidad Mariana:<\/strong><\/p>\n<p><strong>Valores:<\/strong> El Colegio Santa Mar\u00eda propiciar\u00e1 en los estudiantes, el fortalecimiento de valores que les permitir\u00e1n desarrollarse en armon\u00eda y equilibrio consigo mismo, la sociedad, la naturaleza y el entorno. Ser personas que buscan su trascendencia haciendo el bien, no dej\u00e1ndose llevar por influencias ateas. Ser personas con valores como el respeto y valoraci\u00f3n de la vida, deseo de superaci\u00f3n, honestidad, veracidad, humildad, cortes\u00eda, solidaridad, actitud de agradecimiento, respeto y cuidado a la naturaleza.<\/p>\n<p><strong> Principios<\/strong>:<\/p>\n<ul>\n<li>\n    De igualdad como hijos de Dios y por lo tanto todos somos dignos de su misericordia y herederos de la vida eterna.<\/li>\n<li>\n    La Virgen es madre de todos, nos cuida y nos conduce al Padre por medio de su hijo Jesucristo.<\/li>\n<li>\n    Jesucristo est\u00e1 presente en la eucarist\u00eda, como pan de vida, memorial que nos dej\u00f3 por medio de sus disc\u00edpulos, como comuni\u00f3n con \u00c9l, como medio de conseguir la vida eterna y resurrecci\u00f3n.<\/li>\n<li>\n    Dios es uno y trino: Padre, Hijo y Esp\u00edritu Santo.<\/li>\n<li>\n    Nuestra existencia proviene de Dios creador, que es sumo bien. Hizo todo por amor, hombre y mujer los creo, les dio libertad y capacidad para buscarle, amarle y realizar el bien. Dios ama a todos, los respeta y valora, ofrece la vida eterna conforme a sus designios.<\/li>\n<li>\n    La educaci\u00f3n es un medio y una herramienta de superaci\u00f3n.<\/li>\n<li>\n    La educaci\u00f3n humaniza al hombre, hace la sociedad m\u00e1s humana.<\/li>\n<li>\n    La educaci\u00f3n es el camino a nuestro m\u00e1ximo desarrollo, la entrega por amor a los dem\u00e1s, es su plena realizaci\u00f3n.<\/li>\n<li>\n    La educaci\u00f3n es un proceso que involucra la participaci\u00f3n, voluntad y compromiso de todos los miembros de una comunidad educativa, su calidad depende de altas expectativas, del trabajo en equipo y una visi\u00f3n que comprende un impacto social.<\/li>\n<\/ul>\n<p><strong>VISI\u00d3N<\/strong><\/p>\n<p>\u201cSer un Colegio de Excelencia que eduque de acuerdo a altos est\u00e1ndares de calidad, con principios y valores que permitan a los alumnos desarrollar al m\u00e1ximo sus potencialidades, utilizando la educaci\u00f3n como medio de superaci\u00f3n en pos de conseguir y aprovechar oportunidades en la vida; siendo personas de bien con esp\u00edritu de servicio para su familia, la sociedad, la naturaleza y el entorno\u201d.<\/p>\n<p><strong>NOTAS DISTINTIVAS DE LA VISI\u00d3N<\/strong>:<\/p>\n<p><strong>Colegio de Excelencia:<\/strong> Se entender\u00e1 por el desarrollo \u00f3ptimo de todo el quehacer educativo del colegio, que impacta en la formaci\u00f3n de alumnos y alumnas, sus familias y el entorno, que les permita avanzar a estadios superiores en su integridad como persona, reflejado en su calidad de vida y realizaci\u00f3n.<\/p>\n<p><strong>Personas de Bien con esp\u00edritu de servicio para su familia la sociedad, la naturaleza y el entorno<\/strong>: Personas que creen en Dios y se siente hijos de \u00c9l, con valores y preparaci\u00f3n intelectual que les permite desarrollarse al m\u00e1ximo estando al servicio de los dem\u00e1s y a su vez, siendo personas capaces de rechazar toda influencia negativa que involucre un da\u00f1o a s\u00ed mismo o a otros, con capacidad de argumentar y defender dichas convicciones. Con un alto nivel de conciencia ecol\u00f3gica.<\/p>\n<p><strong>OBJETIVOS INSTITUCIONALES:<\/strong><\/p>\n<ul>\n<li>\n    Desarrollar educaci\u00f3n de calidad en forma colaborativa entre los distintos actores que conforman la comunidad educativa, que permita a los alumnos destacarse como estudiantes y personas en distintos ambientes, conseguir un proyecto de vida y mejorar las opciones y oportunidades que ofrece la sociedad asentando las bases para obtener un t\u00edtulo de estudios superiores.<\/li>\n<li>\n    Desarrollar junto a las familias, un estilo de vida con la convicci\u00f3n de que existe un Ser Superior que nos ama y que nos env\u00eda a entregar su amor; con capacidad ilimitada de superaci\u00f3n, de entrega a los dem\u00e1s, de ser personas de bien.<\/li>\n<li>\n    Contribuir a un sentido de justicia social, desde los valores emanados de Jesucristo. El respeto por los m\u00e1s necesitados, la naturaleza, el respeto por las diferencias, promoviendo una sana convivencia.<\/li>\n<li>\n    Contribuir a elevar el grado educacional y cultural de la comunidad donde est\u00e1 inserto el colegio.<\/li>\n<\/ul>\n<p><strong>VALORES INSTITUCIONALES.<\/strong><\/p>\n<ul>\n<li>\n    El Colegio Santa Mar\u00eda se identifica y propicia el desarrollo de valores que permiten a las personas identificarse como hijos de Dios. Por medio de esta concepci\u00f3n inculca valores cristianos en sus alumnos ya que tiene la certeza que dichos valores les permite y permitir\u00e1 otorgarle sentido importante a la vida, a la propia existencia, al realizarse consigo mismo, con el otro, la naturaleza y el entorno.<\/li>\n<li><strong>A la Vida: <\/strong>Amar la existencia humana, ya que somos creados a imagen y semejanza de Dios, desde su concepci\u00f3n.<\/li>\n<li><strong>Respeto:<\/strong> Desde una perspectiva personal y social: respetarse a s\u00ed mismo porque somos templo de Dios y a los dem\u00e1s porque el pr\u00f3jimo es mi hermano por medio de Jesucristo, que habita en \u00e9l. <strong> <\/strong><\/li>\n<li><strong>Responsabilidad:<\/strong> Deseo y hecho de realizar lo que corresponde de acuerdo la voluntad de Dios.<\/li>\n<li><strong>Deseo de superaci\u00f3n:<\/strong> Esfuerzo y preocupaci\u00f3n de mejorar al m\u00e1ximo, desarrollando todos los talentos que Dios nos dio.<\/li>\n<li><strong>Veracidad:<\/strong> Capacidad de expresar y llevar a cabo la verdad, por honor a Cristo y a la propia salvaci\u00f3n.<\/li>\n<li><strong>Honestidad: <\/strong>Responder y actuar con la verdad, con franqueza.<\/li>\n<li><strong>Humildad:<\/strong> Postura de respeto al conocer las propias limitaciones.<\/li>\n<li><strong>Cortes\u00eda:<\/strong> Forma amable de actuar. Afabilidad, ser atento.<\/li>\n<li><strong>Solidaridad:<\/strong> Compasi\u00f3n y acci\u00f3n por el m\u00e1s necesitado. Caridad.<\/li>\n<li><strong>Actitud de agradecimiento<\/strong>: Una visi\u00f3n positiva de la realidad.<\/li>\n<\/ul>\n<p>En la actualidad el colegio santa mar\u00eda presenta un 94% de vulnerabilidad, con una matr\u00edcula a la fecha de 409 alumnos de los cuales 311 se encuentran en situaci\u00f3n de prioritarios.<\/p>\n<p>El colegio est\u00e1 inserto y atiende en su mayor\u00eda a ni\u00f1os y ni\u00f1as del sector Cayenel<\/p>\n<p>Redes de apoyo, el colegio santa mar\u00eda mantiene coordinaci\u00f3n directa con hospital, Cesfam Techo para todos, Tribunal de familia, OPD, Carabineros, PDI, diferentes instituciones pertenecientes a la red sename, Fundaci\u00f3nn semilla, Falabella a trav\u00e9s del programa haciendo escuelas<\/p>\n","protected":false},"excerpt":{"rendered":"<p>RESE\u00d1A HIST\u00d3RICA COLEGIO SANTA MAR\u00cdA. En 1987 con el objeto de prestar un servicio a los ni\u00f1os y ni\u00f1as de la poblaci\u00f3n Cayenel basado en una formaci\u00f3n cristiana cat\u00f3lica, nace un comedor abierto llamado \u201cJuan Pablo II y el Parvulario Flor de ulmo\u201d ambos por iniciativa del padre Jos\u00e9 Fern\u00e1ndez P\u00e9rez creador de varias obras [&#8230;]\n","protected":false},"author":9,"featured_media":0,"parent":0,"menu_order":0,"comment_status":"closed","ping_status":"closed","template":"","meta":{"_uag_custom_page_level_css":"","footnotes":""},"class_list":["post-536","page","type-page","status-publish","hentry"],"uagb_featured_image_src":{"full":false,"thumbnail":false,"medium":false,"medium_large":false,"large":false,"amoteam-general":false,"1536x1536":false,"2048x2048":false,"wp_review_small":false,"wp_review_large":false},"uagb_author_info":{"display_name":"Rodolfo Morelli","author_link":"https:\/\/colstamaria.cl\/estrella777.colstamaria.cl\/author\/rod2023\/"},"uagb_comment_info":0,"uagb_excerpt":"RESE\u00d1A HIST\u00d3RICA COLEGIO SANTA MAR\u00cdA. En 1987 con el objeto de prestar un servicio a los ni\u00f1os y ni\u00f1as de la poblaci\u00f3n Cayenel basado en una formaci\u00f3n cristiana cat\u00f3lica, nace un comedor abierto llamado \u201cJuan Pablo II y el Parvulario Flor de ulmo\u201d ambos por iniciativa del padre Jos\u00e9 Fern\u00e1ndez P\u00e9rez creador de varias obras&hellip;","_links":{"self":[{"href":"https:\/\/colstamaria.cl\/estrella777.colstamaria.cl\/wp-json\/wp\/v2\/pages\/536","targetHints":{"allow":["GET"]}}],"collection":[{"href":"https:\/\/colstamaria.cl\/estrella777.colstamaria.cl\/wp-json\/wp\/v2\/pages"}],"about":[{"href":"https:\/\/colstamaria.cl\/estrella777.colstamaria.cl\/wp-json\/wp\/v2\/types\/page"}],"author":[{"embeddable":true,"href":"https:\/\/colstamaria.cl\/estrella777.colstamaria.cl\/wp-json\/wp\/v2\/users\/9"}],"replies":[{"embeddable":true,"href":"https:\/\/colstamaria.cl\/estrella777.colstamaria.cl\/wp-json\/wp\/v2\/comments?post=536"}],"version-history":[{"count":1,"href":"https:\/\/colstamaria.cl\/estrella777.colstamaria.cl\/wp-json\/wp\/v2\/pages\/536\/revisions"}],"predecessor-version":[{"id":537,"href":"https:\/\/colstamaria.cl\/estrella777.colstamaria.cl\/wp-json\/wp\/v2\/pages\/536\/revisions\/537"}],"wp:attachment":[{"href":"https:\/\/colstamaria.cl\/estrella777.colstamaria.cl\/wp-json\/wp\/v2\/media?parent=536"}],"curies":[{"name":"wp","href":"https:\/\/api.w.org\/{rel}","templated":true}]}}