{"id":469,"date":"2019-06-06T18:30:35","date_gmt":"2019-06-06T18:30:35","guid":{"rendered":"http:\/\/192.168.1.105\/ColStaMaria\/?page_id=469"},"modified":"2022-10-11T20:00:25","modified_gmt":"2022-10-11T20:00:25","slug":"integrantes","status":"publish","type":"page","link":"https:\/\/colstamaria.cl\/estrella777.colstamaria.cl\/integrantes\/","title":{"rendered":"Integrantes"},"content":{"rendered":"\r\n<p>&nbsp;<\/p>\r\n\r\n\r\n\r\n<figure class=\"wp-block-table is-style-regular\">\r\n<table style=\"width: 87.7996%;\">\r\n<tbody>\r\n<tr>\r\n<td style=\"width: 24.1546%;\"><img loading=\"lazy\" decoding=\"async\" class=\"alignnone size-medium wp-image-909\" src=\"https:\/\/colstamaria.cl\/estrella777.colstamaria.cl\/wp-content\/uploads\/2019\/07\/depositphotos_109918632-stock-illustration-avatar-men-hipster-icon-cartoon-300x300.jpg\" alt=\"\" width=\"300\" height=\"300\" srcset=\"https:\/\/colstamaria.cl\/estrella777.colstamaria.cl\/wp-content\/uploads\/2019\/07\/depositphotos_109918632-stock-illustration-avatar-men-hipster-icon-cartoon-300x300.jpg 300w, https:\/\/colstamaria.cl\/estrella777.colstamaria.cl\/wp-content\/uploads\/2019\/07\/depositphotos_109918632-stock-illustration-avatar-men-hipster-icon-cartoon-150x150.jpg 150w, https:\/\/colstamaria.cl\/estrella777.colstamaria.cl\/wp-content\/uploads\/2019\/07\/depositphotos_109918632-stock-illustration-avatar-men-hipster-icon-cartoon-768x768.jpg 768w, https:\/\/colstamaria.cl\/estrella777.colstamaria.cl\/wp-content\/uploads\/2019\/07\/depositphotos_109918632-stock-illustration-avatar-men-hipster-icon-cartoon-640x640.jpg 640w, https:\/\/colstamaria.cl\/estrella777.colstamaria.cl\/wp-content\/uploads\/2019\/07\/depositphotos_109918632-stock-illustration-avatar-men-hipster-icon-cartoon-65x65.jpg 65w, https:\/\/colstamaria.cl\/estrella777.colstamaria.cl\/wp-content\/uploads\/2019\/07\/depositphotos_109918632-stock-illustration-avatar-men-hipster-icon-cartoon.jpg 1024w\" sizes=\"auto, (max-width: 300px) 100vw, 300px\" \/><\/td>\r\n<td style=\"width: 24.4983%;\">J\u00f3se Ariel Torres<\/td>\r\n<td style=\"width: 146.884%;\">Director<\/td>\r\n<\/tr>\r\n<tr>\r\n<td style=\"width: 24.1546%;\"><img loading=\"lazy\" decoding=\"async\" class=\"alignnone size-medium wp-image-4651\" src=\"https:\/\/colstamaria.cl\/estrella777.colstamaria.cl\/wp-content\/uploads\/2022\/10\/perfil-anonimo-del-avatar-de-la-mujer-diseno-grafico-ejemplo-vector-142358916-min-300x300.jpg\" alt=\"\" width=\"300\" height=\"300\" srcset=\"https:\/\/colstamaria.cl\/estrella777.colstamaria.cl\/wp-content\/uploads\/2022\/10\/perfil-anonimo-del-avatar-de-la-mujer-diseno-grafico-ejemplo-vector-142358916-min-300x300.jpg 300w, https:\/\/colstamaria.cl\/estrella777.colstamaria.cl\/wp-content\/uploads\/2022\/10\/perfil-anonimo-del-avatar-de-la-mujer-diseno-grafico-ejemplo-vector-142358916-min-150x150.jpg 150w, https:\/\/colstamaria.cl\/estrella777.colstamaria.cl\/wp-content\/uploads\/2022\/10\/perfil-anonimo-del-avatar-de-la-mujer-diseno-grafico-ejemplo-vector-142358916-min-768x768.jpg 768w, https:\/\/colstamaria.cl\/estrella777.colstamaria.cl\/wp-content\/uploads\/2022\/10\/perfil-anonimo-del-avatar-de-la-mujer-diseno-grafico-ejemplo-vector-142358916-min-640x640.jpg 640w, https:\/\/colstamaria.cl\/estrella777.colstamaria.cl\/wp-content\/uploads\/2022\/10\/perfil-anonimo-del-avatar-de-la-mujer-diseno-grafico-ejemplo-vector-142358916-min-65x65.jpg 65w, https:\/\/colstamaria.cl\/estrella777.colstamaria.cl\/wp-content\/uploads\/2022\/10\/perfil-anonimo-del-avatar-de-la-mujer-diseno-grafico-ejemplo-vector-142358916-min.jpg 800w\" sizes=\"auto, (max-width: 300px) 100vw, 300px\" \/><\/td>\r\n<td style=\"width: 24.4983%;\">Cecilia Seguel<\/td>\r\n<td style=\"width: 146.884%;\">Jefa de UTP<\/td>\r\n<\/tr>\r\n<tr>\r\n<td style=\"width: 24.1546%;\"><img loading=\"lazy\" decoding=\"async\" class=\"alignnone size-medium wp-image-4652\" src=\"https:\/\/colstamaria.cl\/estrella777.colstamaria.cl\/wp-content\/uploads\/2022\/10\/istockphoto-1023559096-2048x2048-min-300x300.jpg\" alt=\"\" width=\"300\" height=\"300\" srcset=\"https:\/\/colstamaria.cl\/estrella777.colstamaria.cl\/wp-content\/uploads\/2022\/10\/istockphoto-1023559096-2048x2048-min-300x300.jpg 300w, https:\/\/colstamaria.cl\/estrella777.colstamaria.cl\/wp-content\/uploads\/2022\/10\/istockphoto-1023559096-2048x2048-min-1024x1024.jpg 1024w, https:\/\/colstamaria.cl\/estrella777.colstamaria.cl\/wp-content\/uploads\/2022\/10\/istockphoto-1023559096-2048x2048-min-150x150.jpg 150w, https:\/\/colstamaria.cl\/estrella777.colstamaria.cl\/wp-content\/uploads\/2022\/10\/istockphoto-1023559096-2048x2048-min-768x768.jpg 768w, https:\/\/colstamaria.cl\/estrella777.colstamaria.cl\/wp-content\/uploads\/2022\/10\/istockphoto-1023559096-2048x2048-min-640x640.jpg 640w, https:\/\/colstamaria.cl\/estrella777.colstamaria.cl\/wp-content\/uploads\/2022\/10\/istockphoto-1023559096-2048x2048-min-1536x1536.jpg 1536w, https:\/\/colstamaria.cl\/estrella777.colstamaria.cl\/wp-content\/uploads\/2022\/10\/istockphoto-1023559096-2048x2048-min-65x65.jpg 65w, https:\/\/colstamaria.cl\/estrella777.colstamaria.cl\/wp-content\/uploads\/2022\/10\/istockphoto-1023559096-2048x2048-min.jpg 2048w\" sizes=\"auto, (max-width: 300px) 100vw, 300px\" \/><\/td>\r\n<td style=\"width: 24.4983%;\">P. Carlos Villanueva<\/td>\r\n<td style=\"width: 146.884%;\">Capell\u00e1n<\/td>\r\n<\/tr>\r\n<tr>\r\n<td style=\"width: 24.1546%;\"><img loading=\"lazy\" decoding=\"async\" class=\"alignnone size-full wp-image-910\" src=\"https:\/\/colstamaria.cl\/estrella777.colstamaria.cl\/wp-content\/uploads\/2019\/07\/240_F_121406613_snzAo4FRHXXwauF0eqjR2RHCLB1GcVgL.jpg\" alt=\"\" width=\"238\" height=\"240\" srcset=\"https:\/\/colstamaria.cl\/estrella777.colstamaria.cl\/wp-content\/uploads\/2019\/07\/240_F_121406613_snzAo4FRHXXwauF0eqjR2RHCLB1GcVgL.jpg 238w, https:\/\/colstamaria.cl\/estrella777.colstamaria.cl\/wp-content\/uploads\/2019\/07\/240_F_121406613_snzAo4FRHXXwauF0eqjR2RHCLB1GcVgL-150x150.jpg 150w, https:\/\/colstamaria.cl\/estrella777.colstamaria.cl\/wp-content\/uploads\/2019\/07\/240_F_121406613_snzAo4FRHXXwauF0eqjR2RHCLB1GcVgL-65x65.jpg 65w\" sizes=\"auto, (max-width: 238px) 100vw, 238px\" \/><\/td>\r\n<td style=\"width: 24.4983%;\">Madre Maria Isabel<\/td>\r\n<td style=\"width: 146.884%;\">Asistente y Asesora de la vida religiosa dentro del colegio<\/td>\r\n<\/tr>\r\n<tr>\r\n<td style=\"width: 24.1546%;\"><img loading=\"lazy\" decoding=\"async\" class=\"alignnone size-full wp-image-910\" src=\"https:\/\/colstamaria.cl\/estrella777.colstamaria.cl\/wp-content\/uploads\/2019\/07\/240_F_121406613_snzAo4FRHXXwauF0eqjR2RHCLB1GcVgL.jpg\" alt=\"\" width=\"238\" height=\"240\" srcset=\"https:\/\/colstamaria.cl\/estrella777.colstamaria.cl\/wp-content\/uploads\/2019\/07\/240_F_121406613_snzAo4FRHXXwauF0eqjR2RHCLB1GcVgL.jpg 238w, https:\/\/colstamaria.cl\/estrella777.colstamaria.cl\/wp-content\/uploads\/2019\/07\/240_F_121406613_snzAo4FRHXXwauF0eqjR2RHCLB1GcVgL-150x150.jpg 150w, https:\/\/colstamaria.cl\/estrella777.colstamaria.cl\/wp-content\/uploads\/2019\/07\/240_F_121406613_snzAo4FRHXXwauF0eqjR2RHCLB1GcVgL-65x65.jpg 65w\" sizes=\"auto, (max-width: 238px) 100vw, 238px\" \/><\/td>\r\n<td style=\"width: 24.4983%;\">Hna. Maria F\u00e1tima<\/td>\r\n<td style=\"width: 146.884%;\">Asistente y Asesora de la vida religiosa dentro del colegio<\/td>\r\n<\/tr>\r\n<tr>\r\n<td style=\"width: 24.1546%;\"><img loading=\"lazy\" decoding=\"async\" class=\"alignnone size-medium wp-image-909\" src=\"https:\/\/colstamaria.cl\/estrella777.colstamaria.cl\/wp-content\/uploads\/2019\/07\/depositphotos_109918632-stock-illustration-avatar-men-hipster-icon-cartoon-300x300.jpg\" alt=\"\" width=\"300\" height=\"300\" srcset=\"https:\/\/colstamaria.cl\/estrella777.colstamaria.cl\/wp-content\/uploads\/2019\/07\/depositphotos_109918632-stock-illustration-avatar-men-hipster-icon-cartoon-300x300.jpg 300w, https:\/\/colstamaria.cl\/estrella777.colstamaria.cl\/wp-content\/uploads\/2019\/07\/depositphotos_109918632-stock-illustration-avatar-men-hipster-icon-cartoon-150x150.jpg 150w, https:\/\/colstamaria.cl\/estrella777.colstamaria.cl\/wp-content\/uploads\/2019\/07\/depositphotos_109918632-stock-illustration-avatar-men-hipster-icon-cartoon-768x768.jpg 768w, https:\/\/colstamaria.cl\/estrella777.colstamaria.cl\/wp-content\/uploads\/2019\/07\/depositphotos_109918632-stock-illustration-avatar-men-hipster-icon-cartoon-640x640.jpg 640w, https:\/\/colstamaria.cl\/estrella777.colstamaria.cl\/wp-content\/uploads\/2019\/07\/depositphotos_109918632-stock-illustration-avatar-men-hipster-icon-cartoon-65x65.jpg 65w, https:\/\/colstamaria.cl\/estrella777.colstamaria.cl\/wp-content\/uploads\/2019\/07\/depositphotos_109918632-stock-illustration-avatar-men-hipster-icon-cartoon.jpg 1024w\" sizes=\"auto, (max-width: 300px) 100vw, 300px\" \/><\/td>\r\n<td style=\"width: 24.4983%;\">Patricio Altamirano<\/td>\r\n<td style=\"width: 146.884%;\">Profesor de Religi\u00f3n<\/td>\r\n<\/tr>\r\n<tr>\r\n<td style=\"width: 24.1546%;\"><img loading=\"lazy\" decoding=\"async\" class=\"alignnone size-medium wp-image-914\" src=\"https:\/\/colstamaria.cl\/estrella777.colstamaria.cl\/wp-content\/uploads\/2019\/07\/kisspng-avatar-female-clip-art-girls-avatar-5b5d6771d43a23.9495348215328479858693-300x260.jpg\" alt=\"\" width=\"300\" height=\"260\" srcset=\"https:\/\/colstamaria.cl\/estrella777.colstamaria.cl\/wp-content\/uploads\/2019\/07\/kisspng-avatar-female-clip-art-girls-avatar-5b5d6771d43a23.9495348215328479858693-300x260.jpg 300w, https:\/\/colstamaria.cl\/estrella777.colstamaria.cl\/wp-content\/uploads\/2019\/07\/kisspng-avatar-female-clip-art-girls-avatar-5b5d6771d43a23.9495348215328479858693-768x666.jpg 768w, https:\/\/colstamaria.cl\/estrella777.colstamaria.cl\/wp-content\/uploads\/2019\/07\/kisspng-avatar-female-clip-art-girls-avatar-5b5d6771d43a23.9495348215328479858693.jpg 900w\" sizes=\"auto, (max-width: 300px) 100vw, 300px\" \/><\/td>\r\n<td style=\"width: 24.4983%;\">Anita Gallardo<\/td>\r\n<td style=\"width: 146.884%;\">Profesora de Lectura en Biblioteca<\/td>\r\n<\/tr>\r\n<tr>\r\n<td style=\"width: 24.1546%;\"><img loading=\"lazy\" decoding=\"async\" class=\"alignnone size-medium wp-image-4652\" src=\"https:\/\/colstamaria.cl\/estrella777.colstamaria.cl\/wp-content\/uploads\/2022\/10\/istockphoto-1023559096-2048x2048-min-300x300.jpg\" alt=\"\" width=\"300\" height=\"300\" srcset=\"https:\/\/colstamaria.cl\/estrella777.colstamaria.cl\/wp-content\/uploads\/2022\/10\/istockphoto-1023559096-2048x2048-min-300x300.jpg 300w, https:\/\/colstamaria.cl\/estrella777.colstamaria.cl\/wp-content\/uploads\/2022\/10\/istockphoto-1023559096-2048x2048-min-1024x1024.jpg 1024w, https:\/\/colstamaria.cl\/estrella777.colstamaria.cl\/wp-content\/uploads\/2022\/10\/istockphoto-1023559096-2048x2048-min-150x150.jpg 150w, https:\/\/colstamaria.cl\/estrella777.colstamaria.cl\/wp-content\/uploads\/2022\/10\/istockphoto-1023559096-2048x2048-min-768x768.jpg 768w, https:\/\/colstamaria.cl\/estrella777.colstamaria.cl\/wp-content\/uploads\/2022\/10\/istockphoto-1023559096-2048x2048-min-640x640.jpg 640w, https:\/\/colstamaria.cl\/estrella777.colstamaria.cl\/wp-content\/uploads\/2022\/10\/istockphoto-1023559096-2048x2048-min-1536x1536.jpg 1536w, https:\/\/colstamaria.cl\/estrella777.colstamaria.cl\/wp-content\/uploads\/2022\/10\/istockphoto-1023559096-2048x2048-min-65x65.jpg 65w, https:\/\/colstamaria.cl\/estrella777.colstamaria.cl\/wp-content\/uploads\/2022\/10\/istockphoto-1023559096-2048x2048-min.jpg 2048w\" sizes=\"auto, (max-width: 300px) 100vw, 300px\" \/><\/td>\r\n<td style=\"width: 24.4983%;\">Hno. Boris Villanueva<\/td>\r\n<td style=\"width: 146.884%;\">Asistente y Asesor de la vida religiosa dentro del colegio<\/td>\r\n<\/tr>\r\n<\/tbody>\r\n<\/table>\r\n<p>&nbsp;<\/p>\r\n<\/figure>\r\n","protected":false},"excerpt":{"rendered":"<p>&nbsp; J\u00f3se Ariel Torres Director Cecilia Seguel Jefa de UTP P. Carlos Villanueva Capell\u00e1n Madre Maria Isabel Asistente y Asesora de la vida religiosa dentro del colegio Hna. Maria F\u00e1tima Asistente y Asesora de la vida religiosa dentro del colegio Patricio Altamirano Profesor de Religi\u00f3n Anita Gallardo Profesora de Lectura en Biblioteca Hno. Boris Villanueva [&#8230;]\n","protected":false},"author":9,"featured_media":0,"parent":0,"menu_order":0,"comment_status":"closed","ping_status":"closed","template":"","meta":{"_uag_custom_page_level_css":"","footnotes":""},"class_list":["post-469","page","type-page","status-publish","hentry"],"uagb_featured_image_src":{"full":false,"thumbnail":false,"medium":false,"medium_large":false,"large":false,"amoteam-general":false,"1536x1536":false,"2048x2048":false,"wp_review_small":false,"wp_review_large":false},"uagb_author_info":{"display_name":"Rodolfo Morelli","author_link":"https:\/\/colstamaria.cl\/estrella777.colstamaria.cl\/author\/rod2023\/"},"uagb_comment_info":0,"uagb_excerpt":"&nbsp; J\u00f3se Ariel Torres Director Cecilia Seguel Jefa de UTP P. Carlos Villanueva Capell\u00e1n Madre Maria Isabel Asistente y Asesora de la vida religiosa dentro del colegio Hna. Maria F\u00e1tima Asistente y Asesora de la vida religiosa dentro del colegio Patricio Altamirano Profesor de Religi\u00f3n Anita Gallardo Profesora de Lectura en Biblioteca Hno. Boris Villanueva&hellip;","_links":{"self":[{"href":"https:\/\/colstamaria.cl\/estrella777.colstamaria.cl\/wp-json\/wp\/v2\/pages\/469","targetHints":{"allow":["GET"]}}],"collection":[{"href":"https:\/\/colstamaria.cl\/estrella777.colstamaria.cl\/wp-json\/wp\/v2\/pages"}],"about":[{"href":"https:\/\/colstamaria.cl\/estrella777.colstamaria.cl\/wp-json\/wp\/v2\/types\/page"}],"author":[{"embeddable":true,"href":"https:\/\/colstamaria.cl\/estrella777.colstamaria.cl\/wp-json\/wp\/v2\/users\/9"}],"replies":[{"embeddable":true,"href":"https:\/\/colstamaria.cl\/estrella777.colstamaria.cl\/wp-json\/wp\/v2\/comments?post=469"}],"version-history":[{"count":14,"href":"https:\/\/colstamaria.cl\/estrella777.colstamaria.cl\/wp-json\/wp\/v2\/pages\/469\/revisions"}],"predecessor-version":[{"id":4654,"href":"https:\/\/colstamaria.cl\/estrella777.colstamaria.cl\/wp-json\/wp\/v2\/pages\/469\/revisions\/4654"}],"wp:attachment":[{"href":"https:\/\/colstamaria.cl\/estrella777.colstamaria.cl\/wp-json\/wp\/v2\/media?parent=469"}],"curies":[{"name":"wp","href":"https:\/\/api.w.org\/{rel}","templated":true}]}}