{"id":463,"date":"2019-06-06T18:21:45","date_gmt":"2019-06-06T18:21:45","guid":{"rendered":"http:\/\/192.168.1.105\/ColStaMaria\/?page_id=463"},"modified":"2019-06-27T17:53:10","modified_gmt":"2019-06-27T17:53:10","slug":"objetivos","status":"publish","type":"page","link":"https:\/\/colstamaria.cl\/estrella777.colstamaria.cl\/objetivos\/","title":{"rendered":"Objetivos"},"content":{"rendered":"<p>\u00a0<\/p>\n<p>El objetivo de la pastoral es animar, fortalecer e incentivar la fe a todo el establecimiento educativo, alumnos, apoderados, profesores, asistentes y administrativos; con la debida atenci\u00f3n de la vida espiritual del Oratorio Mariano, como son los carismas.<\/p>\n<p>\u00a0<\/p>\n<p><strong>1.-Mariano: una Madre que nos gu\u00eda a ser familia alrededor de ella, siendo unidos, protegidos por su manto y siendo educados por su fe.<\/strong> \u201c<em>No se puede hablar de la Iglesia sino \u00e9sta presente Mar\u00eda\u201d (Documento Puebla)<\/em><\/p>\n<p>\u00a0<\/p>\n<p><strong>2.-Oratoriano: un punto de encuentro para los alumnos, apoderados y quienes trabajan en el colegio, profesores y asistentes para hacer de este un lugar santo, un lugar de oraci\u00f3n y un v\u00ednculo en la oraci\u00f3n.<\/strong> \u201c<em>Y sucedi\u00f3 que, estando Jes\u00fas en oraci\u00f3n en cierto lugar, cuando termin\u00f3, le dijo uno de sus disc\u00edpulos: Se\u00f1or, ens\u00e9\u00f1anos a orar, como ense\u00f1\u00f3 Juan a sus disc\u00edpulos.\u201d (Lc. 11, 1)<\/em><\/p>\n<p>\u00a0<\/p>\n<p><strong>3.-Popular: Acogiendo las distintas realidades de nuestro colegio, dando cabida a las diversas culturas que se encuentran en nuestro establecimiento. Dado a la llegada de alumnos y un Docente de otra nacionalidad.<\/strong> <em>\u201cAl o\u00edrse este ruido, se congreg\u00f3 la multitud y se llen\u00f3 de asombro, porque cada uno los o\u00eda hablar en su propia lengua.\u201d (Hch. 2, 6)<\/em><\/p>\n<p>\u00a0<\/p>\n<p><strong>4.-Odologico: caminando paso a paso, entendiendo que cada quien tiene su ritmo, que nada es una competencia, sino m\u00e1s bien una carrera a la cual todos podemos aspirar a ganar trabajando juntos.<\/strong> \u201c<em>El apostolado solamente puede conseguir plena eficacia con una formaci\u00f3n multiforme y completa. La exigen no s\u00f3lo el continuo progreso espiritual y doctrinal del mismo seglar, sino tambi\u00e9n las varias circunstancias de cosas, de personas y de deberes a que tiene que acomodar su actividad\u201d (Pablo VI, Decreto Apostolicam Actuositatem sobre el apostolado de los Laicos, Concilio Vaticano II)<\/em><\/p>\n<p>\u00a0<\/p>\n<p><strong>5.-Autentico: lograr que nuestra vida se identifique con el plan de Dios, descubriendo y asumiendo el plan divino, la huella que me identifica.<\/strong> <em>\u201cEnfocar la vida hacia una conjunci\u00f3n arm\u00f3nica que sea a la vez el elemento constitutivo y el sello m\u00e1s aut\u00e9ntico de la personalidad. \u00danicamente con este horizonte la decisi\u00f3n diaria a las diversas expresiones de la vida, adquirir\u00e1 color y gustos nuevos y tambi\u00e9n, facilidad insospechada porque no veremos \u00e9stas ya como fin en s\u00ed mismo, sino como camino y parte de un proyecto m\u00e1s amplio que es el logro global de uno mismo en cuanto im\u00e1genes de Dios\u00bb<\/em>. <em>(San Juan Pablo II)<\/em><\/p>\n<p>\u00a0<\/p>\n<p style=\"text-align: center;\">Todos somos invitados a contagiar al resto a un cambio y ser part\u00edcipes de la historia como protagonistas. Jes\u00fas dijo en su evangelio: <em>\u201cAhora vayan, y recuerden que los env\u00edo como ovejas en medio de lobos.\u201d (Lc. 10, 3)<\/em><\/p>\n<p>\u00a0<\/p>\n<p><img loading=\"lazy\" decoding=\"async\" class=\"alignnone  wp-image-858\" src=\"http:\/\/192.168.0.110:8080\/ColStaMaria\/wp-content\/uploads\/2019\/06\/PERGAMINO-1-300x215.png\" alt=\"\" width=\"578\" height=\"414\" srcset=\"https:\/\/colstamaria.cl\/estrella777.colstamaria.cl\/wp-content\/uploads\/2019\/06\/PERGAMINO-1-300x215.png 300w, https:\/\/colstamaria.cl\/estrella777.colstamaria.cl\/wp-content\/uploads\/2019\/06\/PERGAMINO-1-768x551.png 768w, https:\/\/colstamaria.cl\/estrella777.colstamaria.cl\/wp-content\/uploads\/2019\/06\/PERGAMINO-1-140x100.png 140w, https:\/\/colstamaria.cl\/estrella777.colstamaria.cl\/wp-content\/uploads\/2019\/06\/PERGAMINO-1.png 790w\" sizes=\"auto, (max-width: 578px) 100vw, 578px\" \/><\/p>\n\n\n<p><\/p>\n","protected":false},"excerpt":{"rendered":"<p>\u00a0 El objetivo de la pastoral es animar, fortalecer e incentivar la fe a todo el establecimiento educativo, alumnos, apoderados, profesores, asistentes y administrativos; con la debida atenci\u00f3n de la vida espiritual del Oratorio Mariano, como son los carismas. \u00a0 1.-Mariano: una Madre que nos gu\u00eda a ser familia alrededor de ella, siendo unidos, protegidos [&#8230;]\n","protected":false},"author":9,"featured_media":0,"parent":0,"menu_order":0,"comment_status":"closed","ping_status":"closed","template":"","meta":{"_uag_custom_page_level_css":"","footnotes":""},"class_list":["post-463","page","type-page","status-publish","hentry"],"uagb_featured_image_src":{"full":false,"thumbnail":false,"medium":false,"medium_large":false,"large":false,"amoteam-general":false,"1536x1536":false,"2048x2048":false,"wp_review_small":false,"wp_review_large":false},"uagb_author_info":{"display_name":"Rodolfo Morelli","author_link":"https:\/\/colstamaria.cl\/estrella777.colstamaria.cl\/author\/rod2023\/"},"uagb_comment_info":0,"uagb_excerpt":"\u00a0 El objetivo de la pastoral es animar, fortalecer e incentivar la fe a todo el establecimiento educativo, alumnos, apoderados, profesores, asistentes y administrativos; con la debida atenci\u00f3n de la vida espiritual del Oratorio Mariano, como son los carismas. \u00a0 1.-Mariano: una Madre que nos gu\u00eda a ser familia alrededor de ella, siendo unidos, protegidos&hellip;","_links":{"self":[{"href":"https:\/\/colstamaria.cl\/estrella777.colstamaria.cl\/wp-json\/wp\/v2\/pages\/463","targetHints":{"allow":["GET"]}}],"collection":[{"href":"https:\/\/colstamaria.cl\/estrella777.colstamaria.cl\/wp-json\/wp\/v2\/pages"}],"about":[{"href":"https:\/\/colstamaria.cl\/estrella777.colstamaria.cl\/wp-json\/wp\/v2\/types\/page"}],"author":[{"embeddable":true,"href":"https:\/\/colstamaria.cl\/estrella777.colstamaria.cl\/wp-json\/wp\/v2\/users\/9"}],"replies":[{"embeddable":true,"href":"https:\/\/colstamaria.cl\/estrella777.colstamaria.cl\/wp-json\/wp\/v2\/comments?post=463"}],"version-history":[{"count":6,"href":"https:\/\/colstamaria.cl\/estrella777.colstamaria.cl\/wp-json\/wp\/v2\/pages\/463\/revisions"}],"predecessor-version":[{"id":860,"href":"https:\/\/colstamaria.cl\/estrella777.colstamaria.cl\/wp-json\/wp\/v2\/pages\/463\/revisions\/860"}],"wp:attachment":[{"href":"https:\/\/colstamaria.cl\/estrella777.colstamaria.cl\/wp-json\/wp\/v2\/media?parent=463"}],"curies":[{"name":"wp","href":"https:\/\/api.w.org\/{rel}","templated":true}]}}