{"id":371,"date":"2019-06-03T15:16:04","date_gmt":"2019-06-03T15:16:04","guid":{"rendered":"http:\/\/192.168.1.105\/ColStaMaria\/?page_id=371"},"modified":"2023-06-13T17:01:19","modified_gmt":"2023-06-13T17:01:19","slug":"matriculas","status":"publish","type":"page","link":"https:\/\/colstamaria.cl\/estrella777.colstamaria.cl\/matriculas\/","title":{"rendered":"Matr\u00edculas"},"content":{"rendered":"\r\n<p><strong>MATR\u00cdCULA EN SISTEMA DE ADMISI\u00d3N ESCOLAR<\/strong><\/p>\r\n\r\n\r\n\r\n\r\n<p>El periodo de matr\u00edcula se realizar\u00e1 entre el\u202f11 y el 22 de diciembre del 2023,\u202fdirectamente en el establecimiento\u202fen el que fue asignado(a) el(la) postulante. Es importante que contacte al establecimiento y confirme los horarios de atenci\u00f3n.<\/p>\r\n\r\n\r\n\r\n<p>En caso de no matricular al estudiante en el periodo de matr\u00edcula, renunciar\u00e1 al cupo y la vacante quedar\u00e1 disponible para ser ocupada por otro estudiante. \r\n <\/p>\r\n\r\n\r\n\r\n<p><strong>Preguntas frecuentes sobre el periodo de Matricula<\/strong><\/p>\r\n\r\n\r\n\r\n<p>1.- Ahora que conozco el resultado de mi postulaci\u00f3n, \u00bfQu\u00e9 debo hacer?  <\/p>\r\n\r\n\r\n<p>Si qued\u00f3 admitido(a) en uno de los establecimientos de su preferencia, para oficializar el ingreso y cerrar el proceso, debe matricularse directamente en el establecimiento en el periodo de matr\u00edcula (del 11 al 22 de diciembre). <\/p>\r\n\r\n\r\n<p>Es obligatorio que asista con los siguientes documentos:  <\/p>\r\n\r\n\r\n<p>&#8211; Copia de la c\u00e9dula de identidad del Estudiante o Certificado de Nacimiento o Certificado IPE  <\/p>\r\n\r\n<!-- \/wp:post-content -->\r\n<p>&#8211; Copia de la c\u00e9dula de identidad del Apoderado o documento identificatorio.  <\/p>\r\n<!-- \/wp:paragraph -->\r\n<!-- wp:paragraph -->\r\n<p>2.- \u00bfQu\u00e9 pasa si no me matriculo en las fechas establecidas por el calendario?<\/p>\r\n<!-- \/wp:paragraph -->\r\n<!-- wp:paragraph -->\r\n<p>Si no te matriculas dentro del periodo de matr\u00edcula (del 14 al 27 de diciembre), renuncias a la vacante en el establecimiento donde fuiste asignado(a), y \u00e9sta vacante quedar\u00e1 disponible para ser usada por el establecimiento en el periodo de regularizaci\u00f3n.  <\/p>\r\n<!-- \/wp:paragraph -->\r\n<!-- wp:paragraph -->\r\n<p>3.- \u00bfPuede pasar que no sea admitido en ning\u00fan establecimiento? <\/p>\r\n<!-- \/wp:paragraph -->\r\n<!-- wp:paragraph -->\r\n<p>Si no fuiste asignado(a) a ning\u00fan establecimiento como resultado del periodo principal y\/o complementario de postulaci\u00f3n, a partir del 03 de enero 2023 puedes participar del periodo de regularizaci\u00f3n, donde podr\u00e1s acercarte a cada establecimiento y registrarte en su registro p\u00fablico. En caso de contar con vacantes disponibles, el establecimiento contactar\u00e1 y realizar\u00e1 la matr\u00edcula. En caso contrario, deber\u00e1s esperar el contacto del establecimiento a medida que se liberen vacantes.  <\/p>\r\n<!-- \/wp:paragraph -->\r\n<!-- wp:paragraph -->\r\n<p>En caso de requerir informaci\u00f3n referencia sobre los establecimientos que cuentan con vacantes, puedes ingresar desde el 03 de enero a www.vacantesmineduc.cl  <\/p>\r\n<!-- \/wp:paragraph -->\r\n","protected":false},"excerpt":{"rendered":"<p>MATR\u00cdCULA EN SISTEMA DE ADMISI\u00d3N ESCOLAR El periodo de matr\u00edcula se realizar\u00e1 entre el\u202f11 y el 22 de diciembre del 2023,\u202fdirectamente en el establecimiento\u202fen el que fue asignado(a) el(la) postulante. Es importante que contacte al establecimiento y confirme los horarios de atenci\u00f3n. En caso de no matricular al estudiante en el periodo de matr\u00edcula, renunciar\u00e1 [&#8230;]\n","protected":false},"author":9,"featured_media":0,"parent":0,"menu_order":0,"comment_status":"closed","ping_status":"closed","template":"","meta":{"_uag_custom_page_level_css":"","footnotes":""},"class_list":["post-371","page","type-page","status-publish","hentry"],"uagb_featured_image_src":{"full":false,"thumbnail":false,"medium":false,"medium_large":false,"large":false,"amoteam-general":false,"1536x1536":false,"2048x2048":false,"wp_review_small":false,"wp_review_large":false},"uagb_author_info":{"display_name":"Rodolfo Morelli","author_link":"https:\/\/colstamaria.cl\/estrella777.colstamaria.cl\/author\/rod2023\/"},"uagb_comment_info":0,"uagb_excerpt":"MATR\u00cdCULA EN SISTEMA DE ADMISI\u00d3N ESCOLAR El periodo de matr\u00edcula se realizar\u00e1 entre el\u202f11 y el 22 de diciembre del 2023,\u202fdirectamente en el establecimiento\u202fen el que fue asignado(a) el(la) postulante. Es importante que contacte al establecimiento y confirme los horarios de atenci\u00f3n. En caso de no matricular al estudiante en el periodo de matr\u00edcula, renunciar\u00e1&hellip;","_links":{"self":[{"href":"https:\/\/colstamaria.cl\/estrella777.colstamaria.cl\/wp-json\/wp\/v2\/pages\/371","targetHints":{"allow":["GET"]}}],"collection":[{"href":"https:\/\/colstamaria.cl\/estrella777.colstamaria.cl\/wp-json\/wp\/v2\/pages"}],"about":[{"href":"https:\/\/colstamaria.cl\/estrella777.colstamaria.cl\/wp-json\/wp\/v2\/types\/page"}],"author":[{"embeddable":true,"href":"https:\/\/colstamaria.cl\/estrella777.colstamaria.cl\/wp-json\/wp\/v2\/users\/9"}],"replies":[{"embeddable":true,"href":"https:\/\/colstamaria.cl\/estrella777.colstamaria.cl\/wp-json\/wp\/v2\/comments?post=371"}],"version-history":[{"count":13,"href":"https:\/\/colstamaria.cl\/estrella777.colstamaria.cl\/wp-json\/wp\/v2\/pages\/371\/revisions"}],"predecessor-version":[{"id":4762,"href":"https:\/\/colstamaria.cl\/estrella777.colstamaria.cl\/wp-json\/wp\/v2\/pages\/371\/revisions\/4762"}],"wp:attachment":[{"href":"https:\/\/colstamaria.cl\/estrella777.colstamaria.cl\/wp-json\/wp\/v2\/media?parent=371"}],"curies":[{"name":"wp","href":"https:\/\/api.w.org\/{rel}","templated":true}]}}