{"id":363,"date":"2019-06-03T15:06:25","date_gmt":"2019-06-03T15:06:25","guid":{"rendered":"http:\/\/192.168.1.105\/ColStaMaria\/?page_id=363"},"modified":"2025-10-20T14:42:28","modified_gmt":"2025-10-20T14:42:28","slug":"mision-y-vision","status":"publish","type":"page","link":"https:\/\/colstamaria.cl\/estrella777.colstamaria.cl\/mision-y-vision\/","title":{"rendered":"Misi\u00f3n y Visi\u00f3n"},"content":{"rendered":"\n<div class=\"row\"  id=\"row-884060277\">\n\n\n\t<div id=\"col-788605913\" class=\"col medium-2 small-12 large-2\"  >\n\t\t\t\t<div class=\"col-inner\"  >\n\t\t\t\n\t\t\t\n\n\t<div class=\"img has-hover x md-x lg-x y md-y lg-y\" id=\"image_806259480\">\n\t\t\t\t\t\t\t\t<div class=\"img-inner dark\" >\n\t\t\t<img loading=\"lazy\" decoding=\"async\" width=\"173\" height=\"199\" src=\"https:\/\/colstamaria.cl\/estrella777.colstamaria.cl\/wp-content\/uploads\/2025\/10\/Madre-copia-1.png\" class=\"attachment-medium size-medium\" alt=\"\" \/>\t\t\t\t\t\t\n\t\t\t\t\t<\/div>\n\t\t\t\t\t\t\t\t\n<style>\n#image_806259480 {\n  width: 100%;\n}\n<\/style>\n\t<\/div>\n\t\n\n\n\t\t<\/div>\n\t\t\t\t\t<\/div>\n\n\t\n\n\t<div id=\"col-782628259\" class=\"col medium-6 small-12 large-6\"  >\n\t\t\t\t<div class=\"col-inner\"  >\n\t\t\t\n\t\t\t\n\n<h2 class=\"wp-block-heading\">Misi\u00f3n<\/h2>\n<p>\u00abImpartir educaci\u00f3n de calidad, en un clima escolar de sana convivencia y altas expectativas, de acuerdo, a est\u00e1ndares vigentes establecidos por el Ministerio de Educaci\u00f3n y basado en valores y principios de la fe cat\u00f3lica, desde la espiritualidad del Oratorio Mariano\u00bb<\/p>\n\n\t\t<\/div>\n\t\t\t\t\t<\/div>\n\n\t\n\n<\/div>\n<div class=\"row\"  id=\"row-678612895\">\n\n\n\t<div id=\"col-2010983819\" class=\"col medium-6 small-12 large-6\"  >\n\t\t\t\t<div class=\"col-inner\"  >\n\t\t\t\n\t\t\t\n\n<h2 class=\"wp-block-heading\">Visi\u00f3n<\/h2>\n<p>\u00abSer un colegio de excelencia que eduque de acuerdo a altos est\u00e1ndares de calidad, con principios y valores que permitan a los alumnos desarrollar el m\u00e1ximo de sus potencialidades, utilizando la educaci\u00f3n como medio de superaci\u00f3n en pos de conseguir y aprovechar oportunidades en la vida; siendo personas de bien con esp\u00edritu de servicio para su familia, la sociedad, la naturaleza y el entorno.\u00bb<br \/><br \/><\/p>\n\n\t\t<\/div>\n\t\t\t\t\t<\/div>\n\n\t\n\n\t<div id=\"col-685487210\" class=\"col medium-2 small-12 large-2\"  >\n\t\t\t\t<div class=\"col-inner\"  >\n\t\t\t\n\t\t\t\n\n\t<div class=\"img has-hover x md-x lg-x y md-y lg-y\" id=\"image_1914012788\">\n\t\t\t\t\t\t\t\t<div class=\"img-inner dark\" >\n\t\t\t<img loading=\"lazy\" decoding=\"async\" width=\"128\" height=\"163\" src=\"https:\/\/colstamaria.cl\/estrella777.colstamaria.cl\/wp-content\/uploads\/2019\/11\/logo-c-s-m-copia-png-1.png\" class=\"attachment-medium size-medium\" alt=\"LOGO C.S.M. - copia.png\" \/>\t\t\t\t\t\t\n\t\t\t\t\t<\/div>\n\t\t\t\t\t\t\t\t\n<style>\n#image_1914012788 {\n  width: 100%;\n}\n<\/style>\n\t<\/div>\n\t\n\n\n\t\t<\/div>\n\t\t\t\t\t<\/div>\n\n\t\n\n<\/div>\n\n","protected":false},"excerpt":{"rendered":"","protected":false},"author":9,"featured_media":0,"parent":0,"menu_order":0,"comment_status":"closed","ping_status":"closed","template":"","meta":{"_uag_custom_page_level_css":"","footnotes":""},"class_list":["post-363","page","type-page","status-publish","hentry"],"uagb_featured_image_src":{"full":false,"thumbnail":false,"medium":false,"medium_large":false,"large":false,"amoteam-general":false,"1536x1536":false,"2048x2048":false,"wp_review_small":false,"wp_review_large":false},"uagb_author_info":{"display_name":"Rodolfo Morelli","author_link":"https:\/\/colstamaria.cl\/estrella777.colstamaria.cl\/author\/rod2023\/"},"uagb_comment_info":0,"uagb_excerpt":null,"_links":{"self":[{"href":"https:\/\/colstamaria.cl\/estrella777.colstamaria.cl\/wp-json\/wp\/v2\/pages\/363","targetHints":{"allow":["GET"]}}],"collection":[{"href":"https:\/\/colstamaria.cl\/estrella777.colstamaria.cl\/wp-json\/wp\/v2\/pages"}],"about":[{"href":"https:\/\/colstamaria.cl\/estrella777.colstamaria.cl\/wp-json\/wp\/v2\/types\/page"}],"author":[{"embeddable":true,"href":"https:\/\/colstamaria.cl\/estrella777.colstamaria.cl\/wp-json\/wp\/v2\/users\/9"}],"replies":[{"embeddable":true,"href":"https:\/\/colstamaria.cl\/estrella777.colstamaria.cl\/wp-json\/wp\/v2\/comments?post=363"}],"version-history":[{"count":7,"href":"https:\/\/colstamaria.cl\/estrella777.colstamaria.cl\/wp-json\/wp\/v2\/pages\/363\/revisions"}],"predecessor-version":[{"id":7284,"href":"https:\/\/colstamaria.cl\/estrella777.colstamaria.cl\/wp-json\/wp\/v2\/pages\/363\/revisions\/7284"}],"wp:attachment":[{"href":"https:\/\/colstamaria.cl\/estrella777.colstamaria.cl\/wp-json\/wp\/v2\/media?parent=363"}],"curies":[{"name":"wp","href":"https:\/\/api.w.org\/{rel}","templated":true}]}}